{"id":63,"date":"2021-10-20T21:35:32","date_gmt":"2021-10-20T18:35:32","guid":{"rendered":"https:\/\/www.kangas.fi\/home\/"},"modified":"2025-12-27T02:33:40","modified_gmt":"2025-12-27T00:33:40","slug":"home","status":"publish","type":"page","link":"https:\/\/www.kangas.fi\/","title":{"rendered":"Sisustus- ja v\u00e4risuunnittelu"},"content":{"rendered":"<p>Halusitpa tehd\u00e4 muutamia yksinkertaisia p\u00e4ivityksi\u00e4 kotiisi tai suunnitella kotisi tyhj\u00e4st\u00e4, auta luomaan oman n\u00e4k\u00f6isesi sisustustyylin persoonallisen, ajattomien tai trendikk\u00e4\u00e4n. Suunnitellen juuri sinun n\u00e4k\u00f6isesi kodin joissa viihdyt.<\/p>\r\n\r\n\r\n<p>Kutsumukseni on kauneuden tuonti ihmisten el\u00e4m\u00e4\u00e4n. Onnistunut sisustus on mielest\u00e4ni kokonaisvaltainen, kaikilla aisteilla koettava tunnelma. Olen eritt\u00e4in visuaalinen ihminen ja luontaiset ominaisuuteni ja vahvuuteni p\u00e4\u00e4sev\u00e4t valloilleen juurikin luovassa suunnittelussa ja toteuttamisessa. Olen rohkea erilaisten tyylisuuntien ja vaikutteiden yhdist\u00e4j\u00e4.<\/p>\r\n\r\n\r\n<p class=\"has-text-align-center\">&nbsp;<\/p>\r\n\r\n\r\n<div class=\"wp-block-spacer\" style=\"height: 56px;\" aria-hidden=\"true\">&nbsp;<\/div>\r\n\r\n\r\n<p>&nbsp;<\/p>\r\n\r\n\r\n<div class=\"wp-block-columns is-layout-flex wp-container-core-columns-is-layout-9d6595d7 wp-block-columns-is-layout-flex\">\r\n<div class=\"wp-block-column is-layout-flow wp-block-column-is-layout-flow\">\r\n<p><strong>Etsi<\/strong><\/p>\r\n\r\n<form role=\"search\" method=\"get\" action=\"https:\/\/www.kangas.fi\/en\/\" class=\"wp-block-search__button-inside wp-block-search__icon-button wp-block-search\" data-trp-original-action=\"https:\/\/www.kangas.fi\/en\/\"    ><label class=\"wp-block-search__label\" for=\"wp-block-search__input-1\" >Etsi<\/label><div class=\"wp-block-search__inside-wrapper\" ><input class=\"wp-block-search__input\" id=\"wp-block-search__input-1\" placeholder=\"\" value=\"\" type=\"search\" name=\"s\" required \/><button aria-label=\"Etsi\" class=\"wp-block-search__button has-icon wp-element-button\" type=\"submit\" ><svg class=\"search-icon\" viewbox=\"0 0 24 24\" width=\"24\" height=\"24\">\n\t\t\t\t\t<path d=\"M13 5c-3.3 0-6 2.7-6 6 0 1.4.5 2.7 1.3 3.7l-3.8 3.8 1.1 1.1 3.8-3.8c1 .8 2.3 1.3 3.7 1.3 3.3 0 6-2.7 6-6S16.3 5 13 5zm0 10.5c-2.5 0-4.5-2-4.5-4.5s2-4.5 4.5-4.5 4.5 2 4.5 4.5-2 4.5-4.5 4.5z\"><\/path>\n\t\t\t\t<\/svg><\/button><\/div><input type=\"hidden\" name=\"trp-form-language\" value=\"en\"\/><\/form>\r\n\r\n<div class=\"wp-block-spacer\" style=\"height: 61px;\" aria-hidden=\"true\">&nbsp;<\/div>\r\n\r\n\r\n<p><strong>Viimeisimm\u00e4t Ty\u00f6ni<\/strong><\/p>\r\n\r\n<ul class=\"wp-block-latest-posts__list wp-block-latest-posts\"><\/ul><\/div>\r\n\r\n\r\n<div class=\"wp-block-column is-vertically-aligned-bottom is-layout-flow wp-block-column-is-layout-flow\">\r\n<p><strong>Kerro minulle sisustustarpeistasi:<\/strong><\/p>\r\n\r\n<\/div>\r\n<\/div>\r\n\r\n\r\n<p>&nbsp;<\/p>","protected":false},"excerpt":{"rendered":"<p>Halusitpa tehd\u00e4 muutamia yksinkertaisia p\u00e4ivityksi\u00e4 kotiisi tai suunnitella kotisi tyhj\u00e4st\u00e4, auta luomaan oman n\u00e4k\u00f6isesi sisustustyylin persoonallisen, ajattomien tai trendikk\u00e4\u00e4n. Suunnitellen juuri sinun n\u00e4k\u00f6isesi kodin joissa viihdyt. Kutsumukseni on kauneuden tuonti ihmisten el\u00e4m\u00e4\u00e4n. Onnistunut sisustus on&#8230;<\/p>","protected":false},"author":1,"featured_media":416,"parent":0,"menu_order":0,"comment_status":"closed","ping_status":"closed","template":"","meta":{"ngg_post_thumbnail":0,"footnotes":""},"class_list":["post-63","page","type-page","status-publish","has-post-thumbnail","hentry"],"yoast_head":"<!-- This site is optimized with the Yoast SEO plugin v26.6 - https:\/\/yoast.com\/wordpress\/plugins\/seo\/ -->\n<title>Sisustus sisustussuunnittelija v\u00e4risuunnitelma asuntovalokuvaus stailaus v\u00e4rit kodin tunnelma - Weronika Kangas %<\/title>\n<meta name=\"description\" content=\"L\u00f6yd\u00e4 sisustus sisustussuunnittelija v\u00e4risuunnitelma v\u00e4rit, joka on juuri sinulle tarkoitettu. Muuta kotisi upeaksi!\" \/>\n<meta name=\"robots\" content=\"index, follow, max-snippet:-1, max-image-preview:large, max-video-preview:-1\" \/>\n<link rel=\"canonical\" href=\"https:\/\/www.kangas.fi\/en\/\" \/>\n<meta property=\"og:locale\" content=\"en_GB\" \/>\n<meta property=\"og:type\" content=\"article\" \/>\n<meta property=\"og:title\" content=\"Weronika Kangas\" \/>\n<meta property=\"og:description\" content=\"Sisustus- ja V\u00e4risuunnittelu.\" \/>\n<meta property=\"og:url\" content=\"https:\/\/www.kangas.fi\/en\/\" \/>\n<meta property=\"og:site_name\" content=\"Weronika Kangas\" \/>\n<meta property=\"article:publisher\" content=\"https:\/\/www.facebook.com\/weronika.kangas\" \/>\n<meta property=\"article:modified_time\" content=\"2025-12-27T00:33:40+00:00\" \/>\n<meta property=\"og:image\" content=\"https:\/\/www.kangas.fi\/wp-content\/uploads\/2022\/04\/Taskurapu_IMG_2631-1-scaled.jpg\" \/>\n\t<meta property=\"og:image:width\" content=\"2560\" \/>\n\t<meta property=\"og:image:height\" content=\"2471\" \/>\n\t<meta property=\"og:image:type\" content=\"image\/jpeg\" \/>\n<meta name=\"twitter:card\" content=\"summary_large_image\" \/>\n<meta name=\"twitter:title\" content=\"Weronika Kangas\" \/>\n<meta name=\"twitter:description\" content=\"Sisustus- ja V\u00e4risuunnittelu.\" \/>\n<meta name=\"twitter:image\" content=\"https:\/\/i0.wp.com\/www.kangas.fi\/wp-content\/uploads\/2022\/04\/Taskurapu_IMG_2631-1-scaled.jpg?fit=2560%2C2471&ssl=1\" \/>\n<script type=\"application\/ld+json\" class=\"yoast-schema-graph\">{\"@context\":\"https:\/\/schema.org\",\"@graph\":[{\"@type\":\"WebPage\",\"@id\":\"https:\/\/www.kangas.fi\/\",\"url\":\"https:\/\/www.kangas.fi\/\",\"name\":\"Sisustus sisustussuunnittelija v\u00e4risuunnitelma asuntovalokuvaus stailaus v\u00e4rit kodin tunnelma - Weronika Kangas %\",\"isPartOf\":{\"@id\":\"https:\/\/www.kangas.fi\/en\/#website\"},\"primaryImageOfPage\":{\"@id\":\"https:\/\/www.kangas.fi\/#primaryimage\"},\"image\":{\"@id\":\"https:\/\/www.kangas.fi\/#primaryimage\"},\"thumbnailUrl\":\"https:\/\/i0.wp.com\/www.kangas.fi\/wp-content\/uploads\/2022\/05\/interior-weronika-kangas-19-1.jpg?fit=1347%2C2000&ssl=1\",\"datePublished\":\"2021-10-20T18:35:32+00:00\",\"dateModified\":\"2025-12-27T00:33:40+00:00\",\"description\":\"L\u00f6yd\u00e4 sisustus sisustussuunnittelija v\u00e4risuunnitelma v\u00e4rit, joka on juuri sinulle tarkoitettu. Muuta kotisi upeaksi!\",\"breadcrumb\":{\"@id\":\"https:\/\/www.kangas.fi\/#breadcrumb\"},\"inLanguage\":\"en-GB\",\"potentialAction\":[{\"@type\":\"ReadAction\",\"target\":[\"https:\/\/www.kangas.fi\/\"]}]},{\"@type\":\"ImageObject\",\"inLanguage\":\"en-GB\",\"@id\":\"https:\/\/www.kangas.fi\/#primaryimage\",\"url\":\"https:\/\/i0.wp.com\/www.kangas.fi\/wp-content\/uploads\/2022\/05\/interior-weronika-kangas-19-1.jpg?fit=1347%2C2000&ssl=1\",\"contentUrl\":\"https:\/\/i0.wp.com\/www.kangas.fi\/wp-content\/uploads\/2022\/05\/interior-weronika-kangas-19-1.jpg?fit=1347%2C2000&ssl=1\",\"width\":1347,\"height\":2000,\"caption\":\"Weronika Kangas\"},{\"@type\":\"BreadcrumbList\",\"@id\":\"https:\/\/www.kangas.fi\/#breadcrumb\",\"itemListElement\":[{\"@type\":\"ListItem\",\"position\":1,\"name\":\"Etusivu\",\"item\":\"https:\/\/www.kangas.fi\/\"},{\"@type\":\"ListItem\",\"position\":2,\"name\":\"Sisustus- ja v\u00e4risuunnittelu\"}]},{\"@type\":\"WebSite\",\"@id\":\"https:\/\/www.kangas.fi\/en\/#website\",\"url\":\"https:\/\/www.kangas.fi\/en\/\",\"name\":\"Weronika Kangas\",\"description\":\"Sisustus- ja v\u00e4risuunnittel\",\"publisher\":{\"@id\":\"https:\/\/www.kangas.fi\/en\/#organization\"},\"potentialAction\":[{\"@type\":\"SearchAction\",\"target\":{\"@type\":\"EntryPoint\",\"urlTemplate\":\"https:\/\/www.kangas.fi\/en\/?s={search_term_string}\"},\"query-input\":{\"@type\":\"PropertyValueSpecification\",\"valueRequired\":true,\"valueName\":\"search_term_string\"}}],\"inLanguage\":\"en-GB\"},{\"@type\":\"Organization\",\"@id\":\"https:\/\/www.kangas.fi\/en\/#organization\",\"name\":\"Weronika Kangas\",\"url\":\"https:\/\/www.kangas.fi\/en\/\",\"logo\":{\"@type\":\"ImageObject\",\"inLanguage\":\"en-GB\",\"@id\":\"https:\/\/www.kangas.fi\/en\/#\/schema\/logo\/image\/\",\"url\":\"https:\/\/www.kangas.fi\/wp-content\/uploads\/2022\/04\/Taskurapu_IMG_2631-1-scaled.jpg\",\"contentUrl\":\"https:\/\/www.kangas.fi\/wp-content\/uploads\/2022\/04\/Taskurapu_IMG_2631-1-scaled.jpg\",\"width\":2560,\"height\":2471,\"caption\":\"Weronika Kangas\"},\"image\":{\"@id\":\"https:\/\/www.kangas.fi\/en\/#\/schema\/logo\/image\/\"},\"sameAs\":[\"https:\/\/www.facebook.com\/weronika.kangas\",\"https:\/\/www.instagram.com\/weronika.k\/\",\"https:\/\/www.linkedin.com\/in\/weronikakangas\/\"]}]}<\/script>\n<!-- \/ Yoast SEO plugin. -->","yoast_head_json":{"title":"Sisustus sisustussuunnittelija v\u00e4risuunnitelma asuntovalokuvaus stailaus v\u00e4rit kodin tunnelma - Weronika Kangas %","description":"L\u00f6yd\u00e4 sisustus sisustussuunnittelija v\u00e4risuunnitelma v\u00e4rit, joka on juuri sinulle tarkoitettu. Muuta kotisi upeaksi!","robots":{"index":"index","follow":"follow","max-snippet":"max-snippet:-1","max-image-preview":"max-image-preview:large","max-video-preview":"max-video-preview:-1"},"canonical":"https:\/\/www.kangas.fi\/en\/","og_locale":"en_GB","og_type":"article","og_title":"Weronika Kangas","og_description":"Sisustus- ja V\u00e4risuunnittelu.","og_url":"https:\/\/www.kangas.fi\/en\/","og_site_name":"Weronika Kangas","article_publisher":"https:\/\/www.facebook.com\/weronika.kangas","article_modified_time":"2025-12-27T00:33:40+00:00","og_image":[{"width":2560,"height":2471,"url":"https:\/\/www.kangas.fi\/wp-content\/uploads\/2022\/04\/Taskurapu_IMG_2631-1-scaled.jpg","type":"image\/jpeg"}],"twitter_card":"summary_large_image","twitter_title":"Weronika Kangas","twitter_description":"Sisustus- ja V\u00e4risuunnittelu.","twitter_image":"https:\/\/i0.wp.com\/www.kangas.fi\/wp-content\/uploads\/2022\/04\/Taskurapu_IMG_2631-1-scaled.jpg?fit=2560%2C2471&ssl=1","schema":{"@context":"https:\/\/schema.org","@graph":[{"@type":"WebPage","@id":"https:\/\/www.kangas.fi\/","url":"https:\/\/www.kangas.fi\/","name":"Sisustus sisustussuunnittelija v\u00e4risuunnitelma asuntovalokuvaus stailaus v\u00e4rit kodin tunnelma - Weronika Kangas %","isPartOf":{"@id":"https:\/\/www.kangas.fi\/en\/#website"},"primaryImageOfPage":{"@id":"https:\/\/www.kangas.fi\/#primaryimage"},"image":{"@id":"https:\/\/www.kangas.fi\/#primaryimage"},"thumbnailUrl":"https:\/\/i0.wp.com\/www.kangas.fi\/wp-content\/uploads\/2022\/05\/interior-weronika-kangas-19-1.jpg?fit=1347%2C2000&ssl=1","datePublished":"2021-10-20T18:35:32+00:00","dateModified":"2025-12-27T00:33:40+00:00","description":"L\u00f6yd\u00e4 sisustus sisustussuunnittelija v\u00e4risuunnitelma v\u00e4rit, joka on juuri sinulle tarkoitettu. Muuta kotisi upeaksi!","breadcrumb":{"@id":"https:\/\/www.kangas.fi\/#breadcrumb"},"inLanguage":"en-GB","potentialAction":[{"@type":"ReadAction","target":["https:\/\/www.kangas.fi\/"]}]},{"@type":"ImageObject","inLanguage":"en-GB","@id":"https:\/\/www.kangas.fi\/#primaryimage","url":"https:\/\/i0.wp.com\/www.kangas.fi\/wp-content\/uploads\/2022\/05\/interior-weronika-kangas-19-1.jpg?fit=1347%2C2000&ssl=1","contentUrl":"https:\/\/i0.wp.com\/www.kangas.fi\/wp-content\/uploads\/2022\/05\/interior-weronika-kangas-19-1.jpg?fit=1347%2C2000&ssl=1","width":1347,"height":2000,"caption":"Weronika Kangas"},{"@type":"BreadcrumbList","@id":"https:\/\/www.kangas.fi\/#breadcrumb","itemListElement":[{"@type":"ListItem","position":1,"name":"Etusivu","item":"https:\/\/www.kangas.fi\/"},{"@type":"ListItem","position":2,"name":"Sisustus- ja v\u00e4risuunnittelu"}]},{"@type":"WebSite","@id":"https:\/\/www.kangas.fi\/en\/#website","url":"https:\/\/www.kangas.fi\/en\/","name":"Weronika Kangas","description":"Sisustus- ja v\u00e4risuunnittel","publisher":{"@id":"https:\/\/www.kangas.fi\/en\/#organization"},"potentialAction":[{"@type":"SearchAction","target":{"@type":"EntryPoint","urlTemplate":"https:\/\/www.kangas.fi\/en\/?s={search_term_string}"},"query-input":{"@type":"PropertyValueSpecification","valueRequired":true,"valueName":"search_term_string"}}],"inLanguage":"en-GB"},{"@type":"Organization","@id":"https:\/\/www.kangas.fi\/en\/#organization","name":"Weronika Kangas","url":"https:\/\/www.kangas.fi\/en\/","logo":{"@type":"ImageObject","inLanguage":"en-GB","@id":"https:\/\/www.kangas.fi\/en\/#\/schema\/logo\/image\/","url":"https:\/\/www.kangas.fi\/wp-content\/uploads\/2022\/04\/Taskurapu_IMG_2631-1-scaled.jpg","contentUrl":"https:\/\/www.kangas.fi\/wp-content\/uploads\/2022\/04\/Taskurapu_IMG_2631-1-scaled.jpg","width":2560,"height":2471,"caption":"Weronika Kangas"},"image":{"@id":"https:\/\/www.kangas.fi\/en\/#\/schema\/logo\/image\/"},"sameAs":["https:\/\/www.facebook.com\/weronika.kangas","https:\/\/www.instagram.com\/weronika.k\/","https:\/\/www.linkedin.com\/in\/weronikakangas\/"]}]}},"jetpack_shortlink":"https:\/\/wp.me\/PdsJuF-11","_links":{"self":[{"href":"https:\/\/www.kangas.fi\/en\/wp-json\/wp\/v2\/pages\/63","targetHints":{"allow":["GET"]}}],"collection":[{"href":"https:\/\/www.kangas.fi\/en\/wp-json\/wp\/v2\/pages"}],"about":[{"href":"https:\/\/www.kangas.fi\/en\/wp-json\/wp\/v2\/types\/page"}],"author":[{"embeddable":true,"href":"https:\/\/www.kangas.fi\/en\/wp-json\/wp\/v2\/users\/1"}],"replies":[{"embeddable":true,"href":"https:\/\/www.kangas.fi\/en\/wp-json\/wp\/v2\/comments?post=63"}],"version-history":[{"count":20,"href":"https:\/\/www.kangas.fi\/en\/wp-json\/wp\/v2\/pages\/63\/revisions"}],"predecessor-version":[{"id":510,"href":"https:\/\/www.kangas.fi\/en\/wp-json\/wp\/v2\/pages\/63\/revisions\/510"}],"wp:featuredmedia":[{"embeddable":true,"href":"https:\/\/www.kangas.fi\/en\/wp-json\/wp\/v2\/media\/416"}],"wp:attachment":[{"href":"https:\/\/www.kangas.fi\/en\/wp-json\/wp\/v2\/media?parent=63"}],"curies":[{"name":"wp","href":"https:\/\/api.w.org\/{rel}","templated":true}]}}